{"id":69,"date":"2019-07-13T08:02:56","date_gmt":"2019-07-13T08:02:56","guid":{"rendered":"http:\/\/www.viribusunitis-ag.eu\/?page_id=69"},"modified":"2019-07-13T08:25:08","modified_gmt":"2019-07-13T08:25:08","slug":"projekt_de","status":"publish","type":"page","link":"https:\/\/www.viribusunitis-ag.eu\/?page_id=69","title":{"rendered":"Projekt_DE"},"content":{"rendered":"<div class=\"wpb-content-wrapper\">[vc_row][vc_column][vc_single_image image=&#8220;70&#8243; img_size=&#8220;large&#8220; alignment=&#8220;center&#8220;][\/vc_column][\/vc_row][vc_row][vc_column][vc_column_text]\n<h2 style=\"text-align: center;\">PROJEKT<\/h2>\n[\/vc_column_text][vc_row_inner][vc_column_inner width=&#8220;1\/2&#8243;][vc_column_text]\n<h3>Eine \u00f6sterreichische Handelsflotte stellt sich mediterraner M\u00fcllflut auf hoher See! Projekt \u201eIslandhopper Viribus Unitis&#8220;<\/h3>\n[\/vc_column_text][\/vc_column_inner][vc_column_inner width=&#8220;1\/2&#8243;][vc_column_text]Ein gigantisches, schwimmendes M\u00fcllfahrzeug und gleichzeitig eine umweltfreundliche Produktionsst\u00e4tte f\u00fcr begehrte Sekund\u00e4rbrennstoffe!<\/p>\n<p><strong>Ist-Zustand in den meisten Mittelmeerl\u00e4ndern:<\/strong><br \/>\nDeponierung ohne Behandlung oder Trennung, gleichzeitig aber immer h\u00f6herer Bedarf an Roh- bzw. Sekund\u00e4rbrennstoffen, mangelnde Infrastrukturen bringen in vielen Regionen immer wieder die Kommunalentsorgung zum Kollabieren. Unzul\u00e4ngliche Zwischen- und Endlager, st\u00e4ndig steigender Druck seitens der Bev\u00f6lkerung.[\/vc_column_text][\/vc_column_inner][\/vc_row_inner][vc_row_inner][vc_column_inner width=&#8220;1\/3&#8243;][vc_single_image image=&#8220;71&#8243; img_size=&#8220;large&#8220;][\/vc_column_inner][vc_column_inner width=&#8220;1\/3&#8243;][vc_single_image image=&#8220;72&#8243; img_size=&#8220;large&#8220;][\/vc_column_inner][vc_column_inner width=&#8220;1\/3&#8243;][vc_single_image image=&#8220;73&#8243; img_size=&#8220;large&#8220; alignment=&#8220;center&#8220;][\/vc_column_inner][\/vc_row_inner][vc_row_inner][vc_column_inner width=&#8220;1\/2&#8243;][vc_column_text]\n<h3><strong>Unsere L\u00f6sung und die Vorteile:<\/strong><\/h3>\n<p>Behandlung bzw. Trennung und die damit verbundene Gewinnung von Roh- und Brennstoffen beginnt bereits bei der Abholung am Hafen und setzt sich w\u00e4hrend des gesamten Transports fort.<\/p>\n<p><strong>Dadurch: <\/strong>Akzeptanz in der Bev\u00f6lkerung<br \/>\nkeine Geruchs-, L\u00e4rm- und Verkehrsbel\u00e4stigung<br \/>\nHohe Flexibilit\u00e4t, Mobilit\u00e4t und Rentabilit\u00e4t[\/vc_column_text][vc_single_image image=&#8220;74&#8243; img_size=&#8220;large&#8220; alignment=&#8220;center&#8220;][\/vc_column_inner][vc_column_inner width=&#8220;1\/2&#8243;][vc_column_text]\n<h3><strong>Der &#8222;Islandhopper Viribus Unitis&#8220; f\u00fcr das Mittelmeer, \u00c4g\u00e4is und die Schwarzmeerregionen.<\/strong><\/h3>\n<p>Ein M\u00fcllschiff, dass die Abf\u00e4lle von jeder Insel holt, an Bord ordnungsgem\u00e4\u00df in Wertstoffe trennt und eine ordnungsgem\u00e4\u00dfe Entsorgung auch an entlegenen Inseln sichert![\/vc_column_text][vc_single_image image=&#8220;75&#8243; img_size=&#8220;large&#8220; alignment=&#8220;center&#8220;][\/vc_column_inner][\/vc_row_inner][\/vc_column][\/vc_row][vc_row][vc_column width=&#8220;1\/2&#8243;][vc_single_image image=&#8220;12&#8243; img_size=&#8220;large&#8220; alignment=&#8220;center&#8220;][vc_column_text]<strong>Energie aus Abfall mit innovativer Technologie.<\/strong><\/p>\n<p>Dies erfolgt in einer von uns entwickelten Verfahrens- und Anlagentechnologie mit Hilfe der Depolymerisation, zur Umwandlung von Abfall in Energie wie Gas, \u00d6l und in weiterer Folge via Generator in Strom.<\/p>\n<p>Die Herstellung der Energie erfolgt CO<sub>2<\/sub> neutral in einem geschlossenen Kreislauf. In diesem Verfahren wird mit niedriger Temperatur (max. bis 450<span style=\"color: #666699;\">\u00b0<\/span>C) und genau eingestellten Druckverh\u00e4ltnissen unter Ausschluss von Sauerstoff die <sub>&#8222;<\/sub>R\u00fcckreaktion&#8220; der Polymerisation aktiviert und so die Energie der Inputmaterialien in Form von Gas und \u00d6l zur\u00fcck gewonnen.[\/vc_column_text][vc_column_text]Der heute noch gar nicht absch\u00e4tzbare Hauptvorteil einer v\u00f6llig autarken, mobilen M\u00fcllsammel- Rohstoffproduktionseinheit auf hoher See ist n\u00e4mlich die<\/p>\n<p>Sprichw\u00f6rtliche \u201egrenzenlose\u201c Flexibilit\u00e4t.<\/p>\n<p>Derzeit noch eine Frage von \u00dcbergeber- und Abnehmer, bald nur mehr<\/p>\n<p>die<strong> \u201eNachfrage\u201c<\/strong> .[\/vc_column_text][\/vc_column][vc_column width=&#8220;1\/2&#8243;][vc_single_image image=&#8220;76&#8243; img_size=&#8220;large&#8220; alignment=&#8220;center&#8220;][vc_single_image image=&#8220;77&#8243; img_size=&#8220;large&#8220; alignment=&#8220;center&#8220;][vc_single_image image=&#8220;78&#8243; img_size=&#8220;large&#8220; alignment=&#8220;center&#8220;][\/vc_column][\/vc_row][vc_row][vc_column width=&#8220;1\/2&#8243;][\/vc_column][vc_column width=&#8220;1\/2&#8243;][\/vc_column][\/vc_row]\n<\/div>","protected":false},"excerpt":{"rendered":"<p>[vc_row][vc_column][vc_single_image image=&#8220;70&#8243; img_size=&#8220;large&#8220; alignment=&#8220;center&#8220;][\/vc_column][\/vc_row][vc_row][vc_column][vc_column_text] PROJEKT [\/vc_column_text][vc_row_inner][vc_column_inner width=&#8220;1\/2&#8243;][vc_column_text] Eine \u00f6sterreichische Handelsflotte stellt sich mediterraner M\u00fcllflut auf hoher See! Projekt \u201eIslandhopper Viribus Unitis&#8220; [\/vc_column_text][\/vc_column_inner][vc_column_inner width=&#8220;1\/2&#8243;][vc_column_text]Ein gigantisches, schwimmendes M\u00fcllfahrzeug und gleichzeitig eine umweltfreundliche Produktionsst\u00e4tte f\u00fcr begehrte Sekund\u00e4rbrennstoffe! Ist-Zustand in den meisten Mittelmeerl\u00e4ndern: Deponierung ohne Behandlung oder Trennung, gleichzeitig aber immer h\u00f6herer Bedarf an Roh- bzw. Sekund\u00e4rbrennstoffen, mangelnde Infrastrukturen bringen in vielen Regionen immer &#8230; <\/p>\n<div><a href=\"https:\/\/www.viribusunitis-ag.eu\/?page_id=69\" class=\"more-link\">Read More<\/a><\/div>\n","protected":false},"author":1,"featured_media":0,"parent":0,"menu_order":0,"comment_status":"closed","ping_status":"closed","template":"","meta":{"footnotes":""},"_links":{"self":[{"href":"https:\/\/www.viribusunitis-ag.eu\/index.php?rest_route=\/wp\/v2\/pages\/69"}],"collection":[{"href":"https:\/\/www.viribusunitis-ag.eu\/index.php?rest_route=\/wp\/v2\/pages"}],"about":[{"href":"https:\/\/www.viribusunitis-ag.eu\/index.php?rest_route=\/wp\/v2\/types\/page"}],"author":[{"embeddable":true,"href":"https:\/\/www.viribusunitis-ag.eu\/index.php?rest_route=\/wp\/v2\/users\/1"}],"replies":[{"embeddable":true,"href":"https:\/\/www.viribusunitis-ag.eu\/index.php?rest_route=%2Fwp%2Fv2%2Fcomments&post=69"}],"version-history":[{"count":6,"href":"https:\/\/www.viribusunitis-ag.eu\/index.php?rest_route=\/wp\/v2\/pages\/69\/revisions"}],"predecessor-version":[{"id":84,"href":"https:\/\/www.viribusunitis-ag.eu\/index.php?rest_route=\/wp\/v2\/pages\/69\/revisions\/84"}],"wp:attachment":[{"href":"https:\/\/www.viribusunitis-ag.eu\/index.php?rest_route=%2Fwp%2Fv2%2Fmedia&parent=69"}],"curies":[{"name":"wp","href":"https:\/\/api.w.org\/{rel}","templated":true}]}}